{"id":7370,"date":"2023-02-02T18:27:44","date_gmt":"2023-02-02T17:27:44","guid":{"rendered":"https:\/\/datasystems-v2.komponente.plus\/security-and-video-technology-m-f-d-consultant-at-ds-data-systems\/"},"modified":"2023-04-17T09:53:16","modified_gmt":"2023-04-17T07:53:16","slug":"security-and-video-technology-m-f-d","status":"publish","type":"page","link":"https:\/\/datasystems-v2.komponente.plus\/en\/security-and-video-technology-m-f-d\/","title":{"rendered":"Security and Video Technology Consultant (m\/f\/d)"},"content":{"rendered":"<p>[et_pb_section fb_built=&#8221;1&#8243; admin_label=&#8221;Seitenkopf&#8221; _builder_version=&#8221;4.19.5&#8243; _module_preset=&#8221;ae2b58d3-1671-416b-8114-7bc90bba544e&#8221; background_image=&#8221;https:\/\/datasystems-v2.komponente.plus\/wp-content\/uploads\/2023\/01\/Karriere-16zu9-1800px-001.jpg&#8221; parallax=&#8221;on&#8221; global_colors_info=&#8221;{}&#8221;][et_pb_row column_structure=&#8221;2_3,1_3&#8243; _builder_version=&#8221;4.19.5&#8243; _module_preset=&#8221;4cf17785-ab0b-49d6-9404-e21803715c11&#8243; global_colors_info=&#8221;{}&#8221;][et_pb_column type=&#8221;2_3&#8243; _builder_version=&#8221;4.19.4&#8243; _module_preset=&#8221;default&#8221; global_colors_info=&#8221;{}&#8221;][et_pb_text _builder_version=&#8221;4.19.5&#8243; _module_preset=&#8221;43b9bc2d-9cd9-4de9-8a56-a1ec673f8288&#8243; global_colors_info=&#8221;{%22gcid-00712cdf-57b2-4f10-b162-209a0d64c839%22:%91%22text_text_color%22%93}&#8221;]<\/p>\n<h1>Careers at DS DATA SYSTEMS<br \/><strong><\/strong><\/h1>\n<p>[\/et_pb_text][et_pb_divider _builder_version=&#8221;4.19.4&#8243; _module_preset=&#8221;ab1453d9-d6d6-4733-a309-18ac6afe9372&#8243; global_colors_info=&#8221;{}&#8221;][\/et_pb_divider][et_pb_text content_tablet=&#8221;<em>%22The challenges in the cybersecurity sphere remain high and will continue to increase rapidly. In order to not only keep pace with this development, but also to strengthen protection against cyber attacks in Germany and thus secure its future viability, information security must be a top priority in the state, the economy and society.%22<\/em><\/p>\n<p><span style=%22font-size: large;%22>Dr. Gerhard Schabh\u00fcser, vice president of the Federal Office for Information Technology.<\/span>&#8221; content_phone=&#8221;<em>%22The challenges in the cybersecurity sphere remain high and will continue to increase rapidly. In order to not only keep pace with this development, but also to strengthen protection against cyber attacks in Germany and thus secure its future viability, information security must be a top priority in the state, the economy and society.%22<\/em><\/p>\n<p><span style=%22font-size: small;%22>Dr. Gerhard Schabh\u00fcser, vice president of the Federal Office for Information Technology.<\/span>&#8221; content_last_edited=&#8221;on|desktop&#8221; _builder_version=&#8221;4.19.5&#8243; _module_preset=&#8221;050e8fc7-e789-4c39-9a20-3ee2eed0d781&#8243; global_colors_info=&#8221;{}&#8221;]<em>&#8220;The challenges in the cybersecurity sphere remain high and will continue to increase rapidly. In order to not only keep pace with this development, but also to strengthen protection against cyber attacks in Germany and thus secure its future viability, information security must be a top priority in the state, the economy and society.&#8221;<\/em><\/p>\n<p><span style=\"font-size: large;\">Dr. Gerhard Schabh\u00fcser, vice president of the Federal Office for Information Technology.<\/span>[\/et_pb_text][\/et_pb_column][et_pb_column type=&#8221;1_3&#8243; _builder_version=&#8221;4.19.4&#8243; _module_preset=&#8221;default&#8221; global_colors_info=&#8221;{}&#8221;][\/et_pb_column][\/et_pb_row][\/et_pb_section][et_pb_section fb_built=&#8221;1&#8243; _builder_version=&#8221;4.19.5&#8243; _module_preset=&#8221;default&#8221; custom_padding=&#8221;0px||0px|||&#8221; global_colors_info=&#8221;{}&#8221;][et_pb_row column_structure=&#8221;2_3,1_3&#8243; _builder_version=&#8221;4.19.5&#8243; _module_preset=&#8221;a105a669-df14-4297-9373-e75326284519&#8243; global_colors_info=&#8221;{}&#8221;][et_pb_column type=&#8221;2_3&#8243; _builder_version=&#8221;4.19.5&#8243; _module_preset=&#8221;default&#8221; global_colors_info=&#8221;{}&#8221;][\/et_pb_column][et_pb_column type=&#8221;1_3&#8243; _builder_version=&#8221;4.19.5&#8243; _module_preset=&#8221;default&#8221; global_colors_info=&#8221;{}&#8221;][et_pb_text disabled_on=&#8221;on|on|off&#8221; _builder_version=&#8221;4.19.5&#8243; _module_preset=&#8221;default&#8221; header_2_text_color=&#8221;#FFFFFF&#8221; header_2_font_size=&#8221;32px&#8221; background_color=&#8221;#F69D0E&#8221; use_background_color_gradient=&#8221;on&#8221; background_color_gradient_stops=&#8221;rgba(0,0,0,0) 0%|rgba(0,0,0,0.3) 100%&#8221; transform_translate_linked=&#8221;off&#8221; transform_rotate=&#8221;0deg|0deg|-3deg&#8221; width=&#8221;100%&#8221; module_alignment=&#8221;right&#8221; custom_margin=&#8221;-40px||||false|false&#8221; custom_padding=&#8221;25px|25px|25px|25px|true|true&#8221; animation_direction=&#8221;right&#8221; link_option_url=&#8221;mailto:bewerbung@datasystems.de&#8221; sticky_position=&#8221;top_bottom&#8221; sticky_offset_top=&#8221;350px&#8221; sticky_limit_top=&#8221;body&#8221; sticky_limit_bottom=&#8221;body&#8221; animation_delay_tablet=&#8221;1500ms&#8221; animation_delay_phone=&#8221;0ms&#8221; animation_delay_last_edited=&#8221;on|phone&#8221; border_radii=&#8221;on|10px|10px|10px|10px&#8221; global_colors_info=&#8221;{}&#8221; transform_styles__hover_enabled=&#8221;on|hover&#8221; transform_scale__hover_enabled=&#8221;on|desktop&#8221; transform_translate__hover_enabled=&#8221;on|desktop&#8221; transform_rotate__hover_enabled=&#8221;on|hover&#8221; transform_skew__hover_enabled=&#8221;on|desktop&#8221; transform_origin__hover_enabled=&#8221;on|desktop&#8221; transform_rotate__hover=&#8221;0deg|0deg|-6deg&#8221;]<\/p>\n<h2 style=\"text-align: center;\"><strong>Apply now!<br \/><\/strong><\/h2>\n<p>[\/et_pb_text][\/et_pb_column][\/et_pb_row][\/et_pb_section][et_pb_section fb_built=&#8221;1&#8243; custom_padding_last_edited=&#8221;on|phone&#8221; admin_label=&#8221;Komm ins Team&#8221; module_id=&#8221;Why us?&#8221; _builder_version=&#8221;4.19.5&#8243; _module_preset=&#8221;5fe99a9f-bae7-4265-a737-3ac291f6004f&#8221; background_color=&#8221;RGBA(255,255,255,0)&#8221; custom_margin=&#8221;0px||-40px||false|false&#8221; custom_padding=&#8221;50px||50px||true|true&#8221; custom_padding_tablet=&#8221;50px|50px|50px|50px|true|true&#8221; custom_padding_phone=&#8221;|25px||25px|true|true&#8221; saved_tabs=&#8221;all&#8221; global_colors_info=&#8221;{}&#8221;][et_pb_row column_structure=&#8221;2_3,1_3&#8243; _builder_version=&#8221;4.19.5&#8243; _module_preset=&#8221;a105a669-df14-4297-9373-e75326284519&#8243; background_color=&#8221;RGBA(255,255,255,0)&#8221; width=&#8221;100vw&#8221; custom_margin=&#8221;||||false|false&#8221; global_colors_info=&#8221;{}&#8221;][et_pb_column type=&#8221;2_3&#8243; _builder_version=&#8221;4.19.5&#8243; _module_preset=&#8221;default&#8221; custom_padding=&#8221;||||false|false&#8221; global_colors_info=&#8221;{}&#8221;][et_pb_text _builder_version=&#8221;4.20.4&#8243; _module_preset=&#8221;030a8ed3-fed1-4fbb-9470-a5c150349f52&#8243; max_width=&#8221;100%&#8221; global_colors_info=&#8221;{}&#8221;]<\/p>\n<h2>Security and Video Technology Consultant (m\/f\/d)<\/h2>\n<p>[\/et_pb_text][et_pb_divider _builder_version=&#8221;4.19.5&#8243; _module_preset=&#8221;ab1453d9-d6d6-4733-a309-18ac6afe9372&#8243; global_colors_info=&#8221;{}&#8221;][\/et_pb_divider][et_pb_text _builder_version=&#8221;4.20.0&#8243; _module_preset=&#8221;5e0913a5-56e6-430d-9f4d-061e58989789&#8243; saved_tabs=&#8221;all&#8221; global_colors_info=&#8221;{%22gcid-ff87e915-dae9-4da1-a1fe-85b617c802d8%22:%91%22header_text_color%22,%22header_2_text_color%22,%22header_4_text_color%22,%22header_5_text_color%22,%22header_6_text_color%22,%22header_3_text_color%22%93}&#8221;]<\/p>\n<p>Du suchst spannende, abwechslungsreiche und anspruchsvolle Projekte, bist offen f\u00fcr neue Herausforderungen und m\u00f6chtest Dich beruflich ver\u00e4ndern? Wir erarbeiten f\u00fcr unsere Mandanten individuelle Konzepte f\u00fcr Video\u00fcberwachungssysteme auf der Basis von Sicherheitskonzepten und begleiten die Umsetzung bis zur Abnahme. Je nach Mandantenanforderungen stellen wir ein individuelles Team zusammen und sorgen f\u00fcr die reibungslose, termingerechte Umsetzung der gemeinsamen mit dem Mandanten festgelegten Projektziele.<\/p>\n<p><span style=\"color: #008a47;\"><strong>Standort: <\/strong><\/span>\u00a0Wolfsburg, ab Sommer 2023 Braunschweig<br \/><span style=\"color: #008a47;\"><strong>Wann: <\/strong><\/span>ab sofort<br \/><span style=\"color: #008a47;\"><strong>Anstellungsart: <\/strong><\/span>Vollzeit<br \/><span style=\"color: #008a47;\"><strong>Dauer: <\/strong><\/span>unbefristet<\/p>\n<p>&nbsp;<\/p>\n<h3>Deine Aufgaben:<\/h3>\n<ul>\n<li>Beratung unserer Mandanten im Bereich der Sicherheits- und Videotechnik. \u00a0Gemeinsames Erarbeiten von L\u00f6sungsans\u00e4tzen mit dem Mandanten<\/li>\n<li>Erstellen von fachspezifischen Planungen im Bereich der Sicherheits- und Videotechnik<\/li>\n<li>Erarbeiten von individuellen Konzepten in enger Abstimmung mit Mandanten und Stakeholdern<\/li>\n<li>Erstellen von Entwurfs-, Genehmigungs- und Ausf\u00fchrungsplanungen gem. HOAI und Bau-STE inkl. Wirtschaftlichkeitspr\u00fcfungen<\/li>\n<li>Erstellen von Kostensch\u00e4tzungen und Leistungsbeschreibungen<\/li>\n<li>Zust\u00e4ndig f\u00fcr die Einhaltung von Termin-, Budget- und Qualit\u00e4tsvorgaben und Unterst\u00fctzung bei der Abnahme durch den Mandanten<\/li>\n<li>Baubegleitende Bau\u00fcberwachung<\/li>\n<li>Eigenst\u00e4ndige Koordination<\/li>\n<\/ul>\n<p>&nbsp;<\/p>\n<h3>Deine Qualifikationen:<\/h3>\n<ul>\n<li>M\u00f6glichst ein abgeschlossenes Studium in einer technisch\/naturwissenschaftlichen Fachrichtung, alternativ Meister\/Techniker mit Berufserfahrung im Bereich der Sicherheitstechnik<\/li>\n<li>Gute Kenntnisse im Umgang mit MS Office Produkten inkl. Project und Visio<\/li>\n<li>Offenheit und die F\u00e4higkeit Bestehendes zu hinterfragen<\/li>\n<li>Analytisches Denken<\/li>\n<li>Leistungsbereitschaft<\/li>\n<li>Motivation und Flexibilit\u00e4t<\/li>\n<li>Selbst\u00e4ndige, strukturierte und ergebnisorientierte Arbeitsweise<\/li>\n<li>Bereitschaft zur Fortbildung<\/li>\n<li>M\u00f6glichst Fachkenntnisse des Planungs-, Vergabe- und<\/li>\n<li>Vertragsrechts und im Bereich der HOAI, VOB<\/li>\n<li>F\u00fchrerschein Klasse B<\/li>\n<\/ul>\n<p>Wenn Du die oben genannten Punkte noch nicht vollends erf\u00fcllst, aber die angesprochenen Themen f\u00fcr Dich interessant erscheinen, dann unterst\u00fctzen wir Dich gerne dabei deine Ziele gemeinsam zu erreichen. Wir sind offen f\u00fcr Berufs- und Quereinsteiger:innen.<\/p>\n<p>&nbsp;<\/p>\n<h3>Das bieten wir Dir:<\/h3>\n<ul>\n<li>Arbeite deutschlandweit remote aus dem Homeoffice oder komm in unser B\u00fcro. Du kannst Dich schon jetzt auf unser neues B\u00fcrogeb\u00e4ude in Braunschweig freuen. Fertigstellung ist bereits f\u00fcr den Sommer 2023 geplant.<\/li>\n<li>Junges dynamisches Team deutschlandweit verteilt.<\/li>\n<li>Teamorientierter Ansatz<\/li>\n<li>Famili\u00e4res Umfeld und Kommunikation auf Augenh\u00f6he (Wir \u201eduzen\u201c uns!)<\/li>\n<li>Durch unsere flexible Arbeitszeit findest Du die richtige Balance f\u00fcr Deinen Tag<\/li>\n<li>Unser vierbeiniger Kollege sorgt f\u00fcr die richtige Work-Love-Balance<\/li>\n<li>Flache Hierarchien, offene T\u00fcren und Ohren f\u00fcr Deine Anliegen &amp; Vorschl\u00e4ge sowie f\u00fcr das, was Dir am Herzen liegt<\/li>\n<li>Zertifiziere Dich, bilde Dich fort und verfolge Dein Karriereziel. Wir unterst\u00fctzen Dich!<\/li>\n<li>Komplettausstattung mit Handy, SIM-Karte, Laptop etc.<\/li>\n<li>Leistungsgerechtes Gehalt<\/li>\n<li>30 Tage Urlaub<\/li>\n<li>Mach Dir weniger Sorgen um die Rente. Wir bieten Dir eine arbeitgeberfinanzierte betriebliche Altersvorsorge<\/li>\n<li>Du hast ein Kind, oder bereits mehrere? Wir unterst\u00fctzen Dich finanziell bei den Kinderbetreuungskosten<\/li>\n<li>Verm\u00f6genswirksame Leistungen<\/li>\n<li>Zus\u00e4tzlich erh\u00e4ltst Du weitere monatliche maximale steuerfreie Sachbez\u00fcge in Form einer Givve-Card<\/li>\n<li>Corporate Benefits- Mitarbeiterangebote<\/li>\n<\/ul>\n<p>&nbsp;<\/p>\n<h3><\/h3>\n<h3>Haben wir Dein Interesse geweckt? Dann bewirb Dich bei uns!<\/h3>\n<p>Wir bieten Dir eine eigenverantwortliche Position in einem jungen, kollegialen und dynamischen Umfeld. Du arbeitest im Team, organisierst sich selbst und haben die Kontrolle \u00fcber Ihre Projekte. Bei genereller Eignung besteht jederzeit die M\u00f6glichkeit, Dein Wissen durch entsprechende Fortbildungen und Zertifizierungen zu erweitern. Dar\u00fcber hinaus runden ein unbefristeter Arbeitsvertrag, leistungsgerechtes Gehalt, diverse zus\u00e4tzliche Sozialleistungen sowie die beruflichen Entwicklungsm\u00f6glichkeiten unser Angebot ab.<\/p>\n<p>Informationen zu unseren T\u00e4tigkeiten im Bereich Sicherheitssysteme findest Du\u00a0<a href=\"https:\/\/datasystems-v2.komponente.plus\/en\/security-systems\/\">hier<\/a>.<\/p>\n<p><strong>Noch Fragen? Dann nimm gern Kontakt zu uns auf.<\/strong><\/p>\n<p><strong>Dein Ansprechpartner:<\/strong> Florian S\u00fc\u00df<br \/><strong>Tel.:<\/strong> +49 160 4726 194<\/p>\n<p><strong>Bewerbung an: <\/strong><a href=\"mailto:bewerbung@datasystems.de\">bewerbung@datasystems.de<\/a><\/p>\n<p>Neben Deiner aussagekr\u00e4ftigen Bewerbung inkl. Gehaltsvorstellung und fr\u00fchestm\u00f6glichem Einstellungstermin sende uns bitte auch Deine Referenzen in elektronischer Form.<\/p>\n<p><a href=\"mailto:bewerbung@datasystems.de\"><strong>Direkt hier bewerben!<\/strong><\/a><\/p>\n<p>Wir freuen uns auf Dich! Bis bald!<\/p>\n<p>[\/et_pb_text][\/et_pb_column][et_pb_column type=&#8221;1_3&#8243; _builder_version=&#8221;4.19.5&#8243; _module_preset=&#8221;default&#8221; global_colors_info=&#8221;{}&#8221;][\/et_pb_column][\/et_pb_row][\/et_pb_section][et_pb_section fb_built=&#8221;1&#8243; _builder_version=&#8221;4.19.5&#8243; _module_preset=&#8221;default&#8221; min_height=&#8221;125px&#8221; custom_margin=&#8221;0px||0px||true|false&#8221; custom_padding=&#8221;0px||0px||true|false&#8221; global_colors_info=&#8221;{}&#8221;][\/et_pb_section][et_pb_section fb_built=&#8221;1&#8243; admin_label=&#8221;Stellenausschreibungen&#8221; module_id=&#8221;Job opportunities&#8221; _builder_version=&#8221;4.19.5&#8243; _module_preset=&#8221;b6601ac7-b7b7-4beb-8d2e-c62af07acf94&#8243; use_background_color_gradient=&#8221;on&#8221; background_color_gradient_stops=&#8221;rgba(255,255,255,0.8) 0%|rgba(255,255,255,0.8) 100%&#8221; background_color_gradient_overlays_image=&#8221;on&#8221; background_image=&#8221;https:\/\/datasystems-v2.komponente.plus\/wp-content\/uploads\/2023\/01\/Karriere-4zu3-1800px-001.jpg&#8221; parallax=&#8221;on&#8221; parallax_method=&#8221;off&#8221; saved_tabs=&#8221;all&#8221; global_colors_info=&#8221;{}&#8221;][et_pb_row column_structure=&#8221;2_3,1_3&#8243; _builder_version=&#8221;4.19.5&#8243; _module_preset=&#8221;a105a669-df14-4297-9373-e75326284519&#8243; global_colors_info=&#8221;{}&#8221; theme_builder_area=&#8221;post_content&#8221;][et_pb_column type=&#8221;2_3&#8243; _builder_version=&#8221;4.19.5&#8243; _module_preset=&#8221;default&#8221; global_colors_info=&#8221;{}&#8221; theme_builder_area=&#8221;post_content&#8221;][et_pb_text content_tablet=&#8221;&#8221; content_phone=&#8221;<\/p>\n<h2>Open positions at<br \/>DS DATA SYSTEMS:<\/h2>\n<p>&#8221; content_last_edited=&#8221;on|phone&#8221; _builder_version=&#8221;4.19.5&#8243; _module_preset=&#8221;030a8ed3-fed1-4fbb-9470-a5c150349f52&#8243; global_colors_info=&#8221;{}&#8221; theme_builder_area=&#8221;post_content&#8221;]<\/p>\n<h2>Open positions at DS DATA SYSTEMS:<\/h2>\n<p>[\/et_pb_text][et_pb_divider _builder_version=&#8221;4.19.5&#8243; _module_preset=&#8221;ab1453d9-d6d6-4733-a309-18ac6afe9372&#8243; global_colors_info=&#8221;{}&#8221; theme_builder_area=&#8221;post_content&#8221;][\/et_pb_divider][et_pb_text _builder_version=&#8221;4.20.4&#8243; _module_preset=&#8221;default&#8221; header_text_color=&#8221;#FFFFFF&#8221; header_4_text_color=&#8221;#FFFFFF&#8221; header_5_text_color=&#8221;#FFFFFF&#8221; background_color=&#8221;#008A47&#8243; custom_margin=&#8221;5px||5px||false|false&#8221; custom_padding=&#8221;10px||7px|20px|false|false&#8221; link_option_url=&#8221;\/en\/information-security-consultant\/&#8221; border_radii=&#8221;off|10px|10px||&#8221; global_colors_info=&#8221;{}&#8221; background__hover_enabled=&#8221;on|hover&#8221; background_color__hover=&#8221;#00505E&#8221; background_enable_color__hover=&#8221;on&#8221; theme_builder_area=&#8221;post_content&#8221;]<\/p>\n<h5>Information Security Consultant (m\/f\/d)<\/h5>\n<p>[\/et_pb_text][et_pb_text _builder_version=&#8221;4.20.4&#8243; _module_preset=&#8221;default&#8221; header_text_color=&#8221;#FFFFFF&#8221; header_4_text_color=&#8221;#FFFFFF&#8221; header_5_text_color=&#8221;#FFFFFF&#8221; background_color=&#8221;#008A47&#8243; custom_margin=&#8221;5px||5px||false|false&#8221; custom_padding=&#8221;10px||7px|20px|false|false&#8221; link_option_url=&#8221;\/en\/specialist-planner-for-fire-alarm-and-voice-alarm-systems-m-f-d\/&#8221; global_colors_info=&#8221;{}&#8221; background__hover_enabled=&#8221;on|hover&#8221; background_color__hover=&#8221;#00505E&#8221; background_enable_color__hover=&#8221;on&#8221; theme_builder_area=&#8221;post_content&#8221;]<\/p>\n<h5>Specialist planner for fire alarm and voice alarm systems (m\/f\/d)<\/h5>\n<p>[\/et_pb_text][et_pb_text _builder_version=&#8221;4.20.4&#8243; _module_preset=&#8221;default&#8221; header_text_color=&#8221;#FFFFFF&#8221; header_4_text_color=&#8221;#FFFFFF&#8221; header_5_text_color=&#8221;#FFFFFF&#8221; background_color=&#8221;#008A47&#8243; custom_margin=&#8221;5px||5px||false|false&#8221; custom_padding=&#8221;10px||7px|20px|false|false&#8221; link_option_url=&#8221;\/en\/security-and-video-technology-m-f-d\/&#8221; border_radii=&#8221;off|||10px|10px&#8221; global_colors_info=&#8221;{}&#8221; background__hover_enabled=&#8221;on|hover&#8221; background_color__hover=&#8221;#00505E&#8221; background_enable_color__hover=&#8221;on&#8221; theme_builder_area=&#8221;post_content&#8221;]<\/p>\n<h5>Consultant for security and video technology (m\/f\/d)<\/h5>\n<p>[\/et_pb_text][\/et_pb_column][et_pb_column type=&#8221;1_3&#8243; module_class=&#8221;vertikal-zentrieren&#8221; _builder_version=&#8221;4.19.5&#8243; _module_preset=&#8221;default&#8221; global_colors_info=&#8221;{}&#8221; theme_builder_area=&#8221;post_content&#8221;][\/et_pb_column][\/et_pb_row][et_pb_row column_structure=&#8221;2_3,1_3&#8243; _builder_version=&#8221;4.19.5&#8243; _module_preset=&#8221;3193546b-8944-46c0-be7a-2fbeddf672f3&#8243; global_colors_info=&#8221;{}&#8221;][et_pb_column type=&#8221;2_3&#8243; _builder_version=&#8221;4.19.5&#8243; _module_preset=&#8221;default&#8221; global_colors_info=&#8221;{}&#8221;][et_pb_text content_tablet=&#8221;&#8221; content_phone=&#8221;<\/p>\n<h3>Unsolicited application to<br \/>DS DATA SYSTEMS<\/h3>\n<p>&#8221; content_last_edited=&#8221;on|phone&#8221; _builder_version=&#8221;4.19.5&#8243; _module_preset=&#8221;030a8ed3-fed1-4fbb-9470-a5c150349f52&#8243; global_colors_info=&#8221;{}&#8221;]<\/p>\n<h3>Unsolicited application to DS DATA SYSTEMS<\/h3>\n<p>[\/et_pb_text][et_pb_divider _builder_version=&#8221;4.19.5&#8243; _module_preset=&#8221;ab1453d9-d6d6-4733-a309-18ac6afe9372&#8243; global_colors_info=&#8221;{}&#8221;][\/et_pb_divider][et_pb_text _builder_version=&#8221;4.19.5&#8243; _module_preset=&#8221;5e0913a5-56e6-430d-9f4d-061e58989789&#8243; global_colors_info=&#8221;{}&#8221;]<\/p>\n<p>Nothing of interest to you? Let&#8217;s start a conversation nonetheless to find out which of our areas of work could suit you.  We look forward to receiving your unsolicited application.<\/p>\n<p>[\/et_pb_text][et_pb_button button_url=&#8221;mailto:bewerbung@datasystems.de&#8221; button_text=&#8221;Apply now and secure a job!&#8221; button_text_tablet=&#8221;&#8221; button_text_phone=&#8221;Apply now!&#8221; button_text_last_edited=&#8221;on|phone&#8221; disabled_on=&#8221;off|off|off&#8221; _builder_version=&#8221;4.19.5&#8243; _module_preset=&#8221;30b56aaf-da4b-4046-9f5b-40ad7aa84980&#8243; button_text_color=&#8221;#ffffff&#8221; global_colors_info=&#8221;{%22gcid-97bfb126-7bdc-4c6d-a1cd-5966c456112e%22:%91%22button_text_color%22,%22button_bg_color%22,%22button_text_color%22,%22button_bg_color%22%93,%22gcid-00712cdf-57b2-4f10-b162-209a0d64c839%22:%91%22button_text_color%22%93}&#8221;][\/et_pb_button][\/et_pb_column][et_pb_column type=&#8221;1_3&#8243; module_class=&#8221;vertikal-zentrieren&#8221; _builder_version=&#8221;4.19.5&#8243; _module_preset=&#8221;default&#8221; global_colors_info=&#8221;{}&#8221;][\/et_pb_column][\/et_pb_row][\/et_pb_section]<\/p>\n","protected":false},"excerpt":{"rendered":"<p>Careers at DS DATA SYSTEMS&#8221;The challenges in the cybersecurity sphere remain high and will continue to increase rapidly. In order to not only keep pace with this development, but also to strengthen protection against cyber attacks in Germany and thus secure its future viability, information security must be a top priority in the state, the [&hellip;]<\/p>\n","protected":false},"author":8,"featured_media":0,"parent":0,"menu_order":0,"comment_status":"closed","ping_status":"closed","template":"","meta":{"_et_pb_use_builder":"on","_et_pb_old_content":"","_et_gb_content_width":"","footnotes":""},"dipi_cpt_category":[],"class_list":["post-7370","page","type-page","status-publish","hentry"],"_links":{"self":[{"href":"https:\/\/datasystems-v2.komponente.plus\/en\/wp-json\/wp\/v2\/pages\/7370","targetHints":{"allow":["GET"]}}],"collection":[{"href":"https:\/\/datasystems-v2.komponente.plus\/en\/wp-json\/wp\/v2\/pages"}],"about":[{"href":"https:\/\/datasystems-v2.komponente.plus\/en\/wp-json\/wp\/v2\/types\/page"}],"author":[{"embeddable":true,"href":"https:\/\/datasystems-v2.komponente.plus\/en\/wp-json\/wp\/v2\/users\/8"}],"replies":[{"embeddable":true,"href":"https:\/\/datasystems-v2.komponente.plus\/en\/wp-json\/wp\/v2\/comments?post=7370"}],"version-history":[{"count":0,"href":"https:\/\/datasystems-v2.komponente.plus\/en\/wp-json\/wp\/v2\/pages\/7370\/revisions"}],"wp:attachment":[{"href":"https:\/\/datasystems-v2.komponente.plus\/en\/wp-json\/wp\/v2\/media?parent=7370"}],"wp:term":[{"taxonomy":"dipi_cpt_category","embeddable":true,"href":"https:\/\/datasystems-v2.komponente.plus\/en\/wp-json\/wp\/v2\/dipi_cpt_category?post=7370"}],"curies":[{"name":"wp","href":"https:\/\/api.w.org\/{rel}","templated":true}]}}