{"id":7388,"date":"2023-02-13T16:46:40","date_gmt":"2023-02-13T15:46:40","guid":{"rendered":"https:\/\/datasystems-v2.komponente.plus\/legal-notice\/"},"modified":"2023-03-17T06:13:46","modified_gmt":"2023-03-17T05:13:46","slug":"legal-notice","status":"publish","type":"page","link":"https:\/\/datasystems-v2.komponente.plus\/en\/legal-notice\/","title":{"rendered":"Legal Notice"},"content":{"rendered":"<p>[et_pb_section fb_built=&#8221;1&#8243; _builder_version=&#8221;4.19.5&#8243; _module_preset=&#8221;default&#8221; global_colors_info=&#8221;{}&#8221;][et_pb_row _builder_version=&#8221;4.19.5&#8243; _module_preset=&#8221;default&#8221; global_colors_info=&#8221;{}&#8221;][et_pb_column type=&#8221;4_4&#8243; _builder_version=&#8221;4.19.5&#8243; _module_preset=&#8221;default&#8221; global_colors_info=&#8221;{}&#8221;][et_pb_text _builder_version=&#8221;4.20.0&#8243; _module_preset=&#8221;default&#8221; header_2_font_size=&#8221;36px&#8221; header_3_font_size=&#8221;32px&#8221; header_4_font_size=&#8221;26px&#8221; hover_enabled=&#8221;0&#8243; global_colors_info=&#8221;{}&#8221; header_text_color=&#8221;#008A47&#8243; sticky_enabled=&#8221;0&#8243;]<\/p>\n<h1>Legal Notice<\/h1>\n<p>&nbsp;<\/p>\n<h2>Information according \u00a7 5 TMG<\/h2>\n<p>DS DATA SYSTEMS GmbH<br \/>Zuckerberg 26-26a<br \/>38179 Schw\u00fclper<\/p>\n<p><strong>represented by:<\/strong><br \/>Willi K. S\u00fc\u00df, Inge S\u00fc\u00df<\/p>\n<h2>Contact<\/h2>\n<p>Phone: +49 (0) 53 03 \u2013 9 23 35 \u2013 0<br \/>Fax: +49 (0) 53 03 \u2013 9 23 35 \u2013 11<br \/>Email: info@datasystems.de<\/p>\n<h2>VAT-ID<\/h2>\n<p>VAT ID according to \u00a7 27a Value Added Tax Act:<br \/>DE 811754552<\/p>\n<h2>Information relating to our professional liability insurance<\/h2>\n<h2>EU-dispute resolution<\/h2>\n<p>The European Commission provides a website for online dispute resolution: <a href=\"https:\/\/ec.europa.eu\/consumers\/odr\/\" target=\"_blank\" rel=\"noopener noreferrer\">https:\/\/ec.europa.eu\/consumers\/odr\/<\/a>.<br \/>You can find our e-mail address in the legal notice above.<\/p>\n<h2>Consumer dispute resolution\/Universal arbitration board<\/h2>\n<p>We are not willing or obliged to participate in dispute resolution proceedings before a consumer arbitration board.<\/p>\n<p>Created with:<\/p>\n<p>[\/et_pb_text][et_pb_image src=&#8221;https:\/\/datasystems-v2.komponente.plus\/wp-content\/uploads\/2023\/02\/eRecht24-Logo-Premium-Horizontal.png&#8221; title_text=&#8221;ERecht24 Logo Premium Horizontal&#8221; url=&#8221;https:\/\/www.e-recht24.de&#8221; _builder_version=&#8221;4.19.5&#8243; _module_preset=&#8221;default&#8221; global_colors_info=&#8221;{}&#8221;][\/et_pb_image][\/et_pb_column][\/et_pb_row][\/et_pb_section]<\/p>\n","protected":false},"excerpt":{"rendered":"<p>Legal Notice &nbsp; Information according \u00a7 5 TMG DS DATA SYSTEMS GmbHZuckerberg 26-26a38179 Schw\u00fclper represented by:Willi K. S\u00fc\u00df, Inge S\u00fc\u00df Contact Phone: +49 (0) 53 03 \u2013 9 23 35 \u2013 0Fax: +49 (0) 53 03 \u2013 9 23 35 \u2013 11Email: info@datasystems.de VAT-ID VAT ID according to \u00a7 27a Value Added Tax Act:DE 811754552 [&hellip;]<\/p>\n","protected":false},"author":2,"featured_media":0,"parent":0,"menu_order":0,"comment_status":"closed","ping_status":"closed","template":"","meta":{"_et_pb_use_builder":"on","_et_pb_old_content":"","_et_gb_content_width":"","footnotes":""},"dipi_cpt_category":[],"class_list":["post-7388","page","type-page","status-publish","hentry"],"_links":{"self":[{"href":"https:\/\/datasystems-v2.komponente.plus\/en\/wp-json\/wp\/v2\/pages\/7388","targetHints":{"allow":["GET"]}}],"collection":[{"href":"https:\/\/datasystems-v2.komponente.plus\/en\/wp-json\/wp\/v2\/pages"}],"about":[{"href":"https:\/\/datasystems-v2.komponente.plus\/en\/wp-json\/wp\/v2\/types\/page"}],"author":[{"embeddable":true,"href":"https:\/\/datasystems-v2.komponente.plus\/en\/wp-json\/wp\/v2\/users\/2"}],"replies":[{"embeddable":true,"href":"https:\/\/datasystems-v2.komponente.plus\/en\/wp-json\/wp\/v2\/comments?post=7388"}],"version-history":[{"count":0,"href":"https:\/\/datasystems-v2.komponente.plus\/en\/wp-json\/wp\/v2\/pages\/7388\/revisions"}],"wp:attachment":[{"href":"https:\/\/datasystems-v2.komponente.plus\/en\/wp-json\/wp\/v2\/media?parent=7388"}],"wp:term":[{"taxonomy":"dipi_cpt_category","embeddable":true,"href":"https:\/\/datasystems-v2.komponente.plus\/en\/wp-json\/wp\/v2\/dipi_cpt_category?post=7388"}],"curies":[{"name":"wp","href":"https:\/\/api.w.org\/{rel}","templated":true}]}}